{"id":1430,"date":"2020-01-10T21:18:38","date_gmt":"2020-01-10T20:18:38","guid":{"rendered":"https:\/\/www.angelika-kemeter.at\/startseite\/?page_id=1430"},"modified":"2026-03-18T15:37:11","modified_gmt":"2026-03-18T14:37:11","slug":"low-level-laser-therapie","status":"publish","type":"page","link":"https:\/\/www.angelika-kemeter.at\/startseite\/low-level-laser-therapie\/","title":{"rendered":"Low Level Laser Therapie"},"content":{"rendered":"<p>[et_pb_section fb_built=&#8221;1&#8243; fullwidth=&#8221;on&#8221; _builder_version=&#8221;4.16&#8243; border_width_all=&#8221;1px&#8221; border_color_all=&#8221;#9ac43b&#8221; border_style_all=&#8221;dotted&#8221; global_colors_info=&#8221;{}&#8221;][et_pb_fullwidth_menu menu_style=&#8221;centered&#8221; fullwidth_menu=&#8221;on&#8221; dropdown_menu_bg_color=&#8221;#FFFFFF&#8221; dropdown_menu_line_color=&#8221;#ffffff&#8221; dropdown_menu_text_color=&#8221;#6b8c2c&#8221; dropdown_menu_active_link_color=&#8221;#9ac43b&#8221; mobile_menu_bg_color=&#8221;#FFFFFF&#8221; mobile_menu_text_color=&#8221;#9ac43b&#8221; logo=&#8221;https:\/\/www.angelika-kemeter.at\/startseite\/wp-content\/uploads\/2016\/02\/Logo_Final-300&#215;110.jpg&#8221; logo_max_height=&#8221;200px&#8221; _builder_version=&#8221;4.16&#8243; menu_font=&#8221;|||on|||||&#8221; menu_text_color=&#8221;#6b8c2c&#8221; menu_font_size=&#8221;16px&#8221; custom_margin=&#8221;7px||||false|false&#8221; custom_padding=&#8221;13px|||||&#8221; border_color_all=&#8221;#9ac43b&#8221; border_style_all=&#8221;dotted&#8221; global_colors_info=&#8221;{}&#8221;][\/et_pb_fullwidth_menu][\/et_pb_section][et_pb_section fb_built=&#8221;1&#8243; admin_label=&#8221;Oben&#8221; _builder_version=&#8221;4.16&#8243; background_enable_image=&#8221;off&#8221; background_size=&#8221;contain&#8221; background_position=&#8221;top_right&#8221; custom_margin=&#8221;|||&#8221; custom_padding=&#8221;0%||0%|||&#8221; border_color_all=&#8221;#9ac43c&#8221; global_colors_info=&#8221;{}&#8221;][et_pb_row _builder_version=&#8221;4.16&#8243; width=&#8221;100%&#8221; module_alignment=&#8221;center&#8221; custom_margin=&#8221;|502px|-20px|736px||&#8221; custom_padding=&#8221;18px|||||&#8221; global_colors_info=&#8221;{}&#8221;][et_pb_column type=&#8221;4_4&#8243; _builder_version=&#8221;4.16&#8243; custom_padding=&#8221;1px|||&#8221; global_colors_info=&#8221;{}&#8221; custom_padding__hover=&#8221;|||&#8221;][et_pb_cta title=&#8221;LOW LEVEL LASERTHERAPIE f\u00fcr gezielte Regeneration&#8221; button_url=&#8221;#&#8221; _builder_version=&#8221;4.16&#8243; header_level=&#8221;h1&#8243; header_font=&#8221;Lato|900||on|||||&#8221; header_text_color=&#8221;#9ac43c&#8221; header_font_size=&#8221;30px&#8221; header_letter_spacing=&#8221;2px&#8221; header_line_height=&#8221;2.2em&#8221; body_font=&#8221;Lato||||||||&#8221; body_text_color=&#8221;#424242&#8243; body_font_size=&#8221;18px&#8221; body_line_height=&#8221;1.4em&#8221; use_background_color=&#8221;off&#8221; custom_button=&#8221;on&#8221; button_text_size=&#8221;16px&#8221; button_text_color=&#8221;#ffffff&#8221; button_bg_color=&#8221;#18a529&#8243; button_border_width=&#8221;6px&#8221; button_border_color=&#8221;#18a529&#8243; button_border_radius=&#8221;5px&#8221; button_letter_spacing=&#8221;2px&#8221; button_font=&#8221;Lato|900||on|||||&#8221; text_orientation=&#8221;left&#8221; module_alignment=&#8221;center&#8221; custom_margin=&#8221;|-74px||||&#8221; animation_style=&#8221;fold&#8221; animation_intensity_fold=&#8221;16%&#8221; header_font_size_tablet=&#8221;46px&#8221; header_font_size_phone=&#8221;&#8221; header_font_size_last_edited=&#8221;on|tablet&#8221; box_shadow_style_button=&#8221;preset3&#8243; box_shadow_blur_button=&#8221;30px&#8221; box_shadow_spread_button=&#8221;8px&#8221; box_shadow_color_button=&#8221;rgba(250,127,40,0.15)&#8221; button_letter_spacing_hover=&#8221;2px&#8221; global_colors_info=&#8221;{}&#8221; button_text_size__hover_enabled=&#8221;off&#8221; button_one_text_size__hover_enabled=&#8221;off&#8221; button_two_text_size__hover_enabled=&#8221;off&#8221; button_text_color__hover_enabled=&#8221;off&#8221; button_one_text_color__hover_enabled=&#8221;off&#8221; button_two_text_color__hover_enabled=&#8221;off&#8221; button_border_width__hover_enabled=&#8221;off&#8221; button_one_border_width__hover_enabled=&#8221;off&#8221; button_two_border_width__hover_enabled=&#8221;off&#8221; button_border_color__hover_enabled=&#8221;off&#8221; button_one_border_color__hover_enabled=&#8221;off&#8221; button_two_border_color__hover_enabled=&#8221;off&#8221; button_border_radius__hover_enabled=&#8221;off&#8221; button_one_border_radius__hover_enabled=&#8221;off&#8221; button_two_border_radius__hover_enabled=&#8221;off&#8221; button_letter_spacing__hover_enabled=&#8221;on&#8221; button_letter_spacing__hover=&#8221;2px&#8221; button_one_letter_spacing__hover_enabled=&#8221;off&#8221; button_two_letter_spacing__hover_enabled=&#8221;off&#8221; button_bg_color__hover_enabled=&#8221;off&#8221; button_one_bg_color__hover_enabled=&#8221;off&#8221; button_two_bg_color__hover_enabled=&#8221;off&#8221;]<\/p>\n<p><strong><\/strong><\/p>\n<p><strong>Der Helbo Minilaser<\/strong> ist ein innovatives, nicht-invasives Therapieger\u00e4t, das durch niedrigenergetisches Laserlicht die Selbstheilungskr\u00e4fte des K\u00f6rpers aktiviert. Besonders wirksam bei:\u00a0<\/p>\n<ul>\n<li><strong>Schmerzlinderung:<\/strong> Verspannungen, Gelenksschmerzen oder Entz\u00fcndungen<\/li>\n<li><strong>Beschleunigung der Wundheilung und Gewebsregeneration<\/strong><\/li>\n<li><strong>Unterst\u00fctzung der Lymphdrainage und Entgiftung<\/strong><\/li>\n<li><strong>Reduktion von Schwellungen und \u00d6demen<\/strong><\/li>\n<li><strong>Laserakupressur: <\/strong>Raucherentw\u00f6hnung<\/li>\n<\/ul>\n<p><strong>\u00a0Vorteile in meiner Praxis sind:<\/strong><\/p>\n<ul>\n<li><strong>Schmerzfrei &amp; schonend<\/strong> &#8211; ideal f\u00fcr empfindliche Patienten oder nach Ooperationen<\/li>\n<li><strong>Kombinierbar<\/strong> mit manueller Lymphdrainage, Heilmassage oder Osteopathie<\/li>\n<li><strong>Wissenschaftlich fundiert<\/strong> &#8211; klinisch erprobte Technologie aus \u00d6sterreich<\/li>\n<\/ul>\n<p>Perfekt f\u00fcr <strong>knifflige F\u00e4lle<\/strong> oder als Erg\u00e4nzung zu deiner Therapie &#8211; f\u00fcr mehr Wohlbefinden und Bewergungsfreicheit!<\/p>\n<p><strong>Dauer:<\/strong> 10-15 Minuten (je nach Behandlungsgebiet),\u00a0<\/p>\n<p><strong>Preis:<\/strong> 19,- EUR pro Sitzung, 10er Block um 171,- EUR<\/p>\n<p>&nbsp;<\/p>\n<p>[\/et_pb_cta][\/et_pb_column][\/et_pb_row][\/et_pb_section][et_pb_section fb_built=&#8221;1&#8243; admin_label=&#8221;Oben&#8221; _builder_version=&#8221;4.16&#8243; background_color=&#8221;#f9f9f9&#8243; background_image=&#8221;https:\/\/www.angelika-kemeter.at\/startseite\/wp-content\/uploads\/2020\/01\/TherapieAngelikaKemeter.jpg&#8221; parallax=&#8221;on&#8221; parallax_method=&#8221;off&#8221; custom_margin=&#8221;|||&#8221; custom_padding=&#8221;0%||0%|||&#8221; border_color_all=&#8221;#9ac43c&#8221; global_colors_info=&#8221;{}&#8221;][et_pb_row _builder_version=&#8221;4.16&#8243; width=&#8221;100%&#8221; module_alignment=&#8221;center&#8221; custom_margin=&#8221;13px|auto||auto|false|false&#8221; custom_padding=&#8221;||33px||false|false&#8221; global_colors_info=&#8221;{}&#8221;][et_pb_column type=&#8221;4_4&#8243; _builder_version=&#8221;4.16&#8243; custom_padding=&#8221;||||false|false&#8221; global_colors_info=&#8221;{}&#8221; custom_padding__hover=&#8221;|||&#8221;][et_pb_blurb title=&#8221;Wie wirkts&#8221; use_icon=&#8221;on&#8221; font_icon=&#8221;&#xe605;||divi||400&#8243; icon_color=&#8221;#ffffff&#8221; image_icon_background_color=&#8221;#9ac43c&#8221; image_icon_width=&#8221;40px&#8221; content_max_width=&#8221;969px&#8221; _builder_version=&#8221;4.16&#8243; header_level=&#8221;h2&#8243; header_font=&#8221;Lato|900||on|||||&#8221; header_text_color=&#8221;#4f4f4f&#8221; header_font_size=&#8221;18px&#8221; header_letter_spacing=&#8221;1px&#8221; header_line_height=&#8221;1.4em&#8221; body_font=&#8221;Lato||||||||&#8221; body_text_color=&#8221;#606060&#8243; body_font_size=&#8221;18px&#8221; body_line_height=&#8221;1.4em&#8221; background_color=&#8221;#ffffff&#8221; image_icon_custom_padding=&#8221;25px|25px|25px|25px|false|false&#8221; text_orientation=&#8221;center&#8221; custom_margin=&#8221;21px||0px||false|false&#8221; custom_padding=&#8221;23px||31px||false|false&#8221; animation=&#8221;off&#8221; border_radii=&#8221;on|10px|10px|10px|10px&#8221; border_color_all=&#8221;#9ac43c&#8221; border_width_top=&#8221;10px&#8221; border_radii_image=&#8221;on|100%|100%|100%|100%&#8221; box_shadow_style=&#8221;preset2&#8243; box_shadow_horizontal=&#8221;0px&#8221; box_shadow_blur=&#8221;54px&#8221; box_shadow_spread=&#8221;17px&#8221; box_shadow_color=&#8221;rgba(0,0,0,0.04)&#8221; icon_font_size=&#8221;40px&#8221; use_circle=&#8221;on&#8221; circle_color=&#8221;#9ac43c&#8221; global_colors_info=&#8221;{}&#8221; image_icon_background_color__sticky_enabled=&#8221;#6d8d2c&#8221; image_icon_background_color__sticky=&#8221;#6d8d2c&#8221;]<\/p>\n<p class=\"N-ZiCg direction-ltr align-start para-style-subtitle\" style=\"text-align: center;\">Ich kann sagen &#8211; rasch!<\/p>\n<p class=\"N-ZiCg direction-ltr align-start para-style-subtitle\" style=\"text-align: left;\">Faszinierend auch, dass diese Behandlung nahezu bei allen Beschwerdebildern des Bewegungsapparates eingesetzt werden kann!<\/p>\n<p style=\"text-align: left;\">\n<p>[\/et_pb_blurb][\/et_pb_column][\/et_pb_row][\/et_pb_section][et_pb_section fb_built=&#8221;1&#8243; admin_label=&#8221;Oben&#8221; _builder_version=&#8221;4.16&#8243; background_enable_image=&#8221;off&#8221; background_size=&#8221;contain&#8221; background_position=&#8221;top_right&#8221; custom_margin=&#8221;||||false|false&#8221; custom_padding=&#8221;0%||0%|||&#8221; border_color_all=&#8221;#9ac43c&#8221; global_colors_info=&#8221;{}&#8221;][et_pb_row _builder_version=&#8221;4.16&#8243; custom_margin=&#8221;17px|auto||auto||&#8221; custom_padding=&#8221;||20px|||&#8221; global_colors_info=&#8221;{}&#8221;][et_pb_column type=&#8221;4_4&#8243; _builder_version=&#8221;4.16&#8243; global_colors_info=&#8221;{}&#8221;][et_pb_button button_url=&#8221;https:\/\/buchen.offisy.at\/booking\/online\/80234043-e693-44c0-a430-2374a4a223f6&#8243; url_new_window=&#8221;on&#8221; button_text=&#8221;Jetzt Termin online vereinbaren&#8221; button_alignment=&#8221;center&#8221; _builder_version=&#8221;4.16&#8243; custom_button=&#8221;on&#8221; button_text_size=&#8221;20px&#8221; button_text_color=&#8221;#ffffff&#8221; button_bg_color=&#8221;#be1622&#8243; button_border_width=&#8221;2px&#8221; button_border_color=&#8221;#E02B20&#8243; button_border_radius=&#8221;10px&#8221; button_letter_spacing=&#8221;0px&#8221; button_font=&#8221;Lato|700||on|||||&#8221; button_icon_color=&#8221;#ffffff&#8221; custom_margin=&#8221;||0px||false|false&#8221; custom_padding=&#8221;5px||5px||false|false&#8221; global_colors_info=&#8221;{}&#8221;][\/et_pb_button][\/et_pb_column][\/et_pb_row][\/et_pb_section][et_pb_section fb_built=&#8221;1&#8243; fullwidth=&#8221;on&#8221; _builder_version=&#8221;4.16&#8243; width=&#8221;100%&#8221; max_width=&#8221;100%&#8221; module_alignment=&#8221;center&#8221; custom_margin=&#8221;11px||||false|false&#8221; custom_padding=&#8221;10px|10px|10px|10px|false|false&#8221; border_color_all=&#8221;#9ac43b&#8221; border_width_top=&#8221;3px&#8221; border_width_right=&#8221;0px&#8221; border_width_bottom=&#8221;11px&#8221; border_width_left=&#8221;0px&#8221; global_colors_info=&#8221;{}&#8221;][et_pb_fullwidth_menu menu_id=&#8221;10&#8243; submenu_direction=&#8221;upwards&#8221; fullwidth_menu=&#8221;on&#8221; dropdown_menu_bg_color=&#8221;#FFFFFF&#8221; dropdown_menu_line_color=&#8221;#ffffff&#8221; dropdown_menu_text_color=&#8221;#6b8c2c&#8221; dropdown_menu_active_link_color=&#8221;#9ac43b&#8221; mobile_menu_bg_color=&#8221;#FFFFFF&#8221; mobile_menu_text_color=&#8221;#9ac43b&#8221; logo=&#8221;https:\/\/www.angelika-kemeter.at\/startseite\/wp-content\/uploads\/2016\/02\/Logo_Final-300&#215;110.jpg&#8221; _builder_version=&#8221;4.16&#8243; menu_font=&#8221;|||on|||||&#8221; menu_text_color=&#8221;#6b8c2c&#8221; menu_font_size=&#8221;17px&#8221; text_orientation=&#8221;right&#8221; border_color_all=&#8221;#9ac43b&#8221; border_style_all=&#8221;dotted&#8221; global_colors_info=&#8221;{}&#8221;][\/et_pb_fullwidth_menu][\/et_pb_section]<\/p>\n","protected":false},"excerpt":{"rendered":"<p>Der Helbo Minilaser ist ein innovatives, nicht-invasives Therapieger\u00e4t, das durch niedrigenergetisches Laserlicht die Selbstheilungskr\u00e4fte des K\u00f6rpers aktiviert. Besonders wirksam bei:\u00a0 Schmerzlinderung: Verspannungen, Gelenksschmerzen oder Entz\u00fcndungen Beschleunigung der Wundheilung und Gewebsregeneration Unterst\u00fctzung der Lymphdrainage und Entgiftung Reduktion von Schwellungen und \u00d6demen Laserakupressur: Raucherentw\u00f6hnung \u00a0Vorteile in meiner Praxis sind: Schmerzfrei &amp; schonend &#8211; ideal f\u00fcr empfindliche Patienten [&hellip;]<\/p>\n","protected":false},"author":2,"featured_media":0,"parent":0,"menu_order":0,"comment_status":"closed","ping_status":"closed","template":"page-template-blank.php","meta":{"_et_pb_use_builder":"on","_et_pb_old_content":"<!-- wp:cover {\"url\":\"https:\/\/www.angelika-kemeter.at\/startseite\/wp-content\/uploads\/2026\/03\/LASER_4505.jpg\",\"id\":1938,\"alt\":\"Low Level Lasertherapie\",\"dimRatio\":50,\"style\":{\"color\":{}}} -->\n<div class=\"wp-block-cover\"><span aria-hidden=\"true\" class=\"wp-block-cover__background has-background-dim\"><\/span><img class=\"wp-block-cover__image-background wp-image-1938\" alt=\"Low Level Lasertherapie\" src=\"https:\/\/www.angelika-kemeter.at\/startseite\/wp-content\/uploads\/2026\/03\/LASER_4505.jpg\" data-object-fit=\"cover\"\/><div class=\"wp-block-cover__inner-container\"><!-- wp:paragraph {\"align\":\"center\",\"fontSize\":\"large\"} -->\n<p class=\"has-text-align-center has-large-font-size\">LOW LEVEL LASERTHERAPIE<\/p>\n<!-- \/wp:paragraph --><\/div><\/div>\n<!-- \/wp:cover -->\n\n<!-- wp:details -->\n<details class=\"wp-block-details\"><summary><\/summary><!-- wp:heading {\"level\":4} -->\n<h4 class=\"wp-block-heading\"><strong>Die Low-Level-Lasertherapie ist die nicht-invasive, therapeutische Anwendung von niedrigenergetischem roten Laserlicht. Dies ist v\u00f6llig nebenwirkungsfrei, ohne dass es zu einer \u00dcberhitzung oder Gewebesch\u00e4digung kommt!<\/strong><\/h4>\n<!-- \/wp:heading -->\n\n<!-- wp:heading {\"level\":3} -->\n<h3 class=\"wp-block-heading\">ANWENDUNGSGEBIETE<\/h3>\n<!-- \/wp:heading -->\n\n<!-- wp:paragraph -->\n<p>Verspannungen, Wundheilung, Arthrose, Arthritis, Laserakupressur, Raucherentw\u00f6hnung, Schmerzen, Triggerpunkte, Mittelohr- und Nasennebenh\u00f6lenentz\u00fcndung, Narbenbehandlung  und -entst\u00f6rung uvm.<\/p>\n<!-- \/wp:paragraph -->\n\n<!-- wp:paragraph -->\n<p><strong>Behandlungsdauer<\/strong> ca 10-15 Minuten (abh\u00e4ngig vom Behandlungsgebiet), Wiederholung 1abh\u00e4ngig vom Beschwerdebild!<\/p>\n<!-- \/wp:paragraph -->\n\n<!-- wp:paragraph -->\n<p><strong>Preis:<\/strong> 1x Lasern 19,- EUR, 10er Block 171,-<\/p>\n<!-- \/wp:paragraph -->\n\n<!-- wp:paragraph -->\n<p><\/p>\n<!-- \/wp:paragraph --><\/details>\n<!-- \/wp:details -->","_et_gb_content_width":"","footnotes":"","_links_to":"","_links_to_target":""},"yoast_head":"<!-- This site is optimized with the Yoast SEO plugin v24.5 - https:\/\/yoast.com\/wordpress\/plugins\/seo\/ -->\n<title>Low Level Laser Therapie - Angelika Kemeter Heilmassage und Therapie<\/title>\n<meta name=\"robots\" content=\"index, follow, max-snippet:-1, max-image-preview:large, max-video-preview:-1\" \/>\n<link rel=\"canonical\" href=\"https:\/\/www.angelika-kemeter.at\/startseite\/low-level-laser-therapie\/\" \/>\n<meta property=\"og:locale\" content=\"en_US\" \/>\n<meta property=\"og:type\" content=\"article\" \/>\n<meta property=\"og:title\" content=\"Low Level Laser Therapie - Angelika Kemeter Heilmassage und Therapie\" \/>\n<meta property=\"og:description\" content=\"Der Helbo Minilaser ist ein innovatives, nicht-invasives Therapieger\u00e4t, das durch niedrigenergetisches Laserlicht die Selbstheilungskr\u00e4fte des K\u00f6rpers aktiviert. Besonders wirksam bei:\u00a0 Schmerzlinderung: Verspannungen, Gelenksschmerzen oder Entz\u00fcndungen Beschleunigung der Wundheilung und Gewebsregeneration Unterst\u00fctzung der Lymphdrainage und Entgiftung Reduktion von Schwellungen und \u00d6demen Laserakupressur: Raucherentw\u00f6hnung \u00a0Vorteile in meiner Praxis sind: Schmerzfrei &amp; schonend - ideal f\u00fcr empfindliche Patienten [&hellip;]\" \/>\n<meta property=\"og:url\" content=\"https:\/\/www.angelika-kemeter.at\/startseite\/low-level-laser-therapie\/\" \/>\n<meta property=\"og:site_name\" content=\"Angelika Kemeter Heilmassage und Therapie\" \/>\n<meta property=\"article:publisher\" content=\"https:\/\/www.facebook.com\/AngelikaKemeter\/\" \/>\n<meta property=\"article:modified_time\" content=\"2026-03-18T14:37:11+00:00\" \/>\n<meta name=\"twitter:card\" content=\"summary_large_image\" \/>\n<meta name=\"twitter:label1\" content=\"Est. reading time\" \/>\n\t<meta name=\"twitter:data1\" content=\"2 minutes\" \/>\n<script type=\"application\/ld+json\" class=\"yoast-schema-graph\">{\"@context\":\"https:\/\/schema.org\",\"@graph\":[{\"@type\":\"WebPage\",\"@id\":\"https:\/\/www.angelika-kemeter.at\/startseite\/low-level-laser-therapie\/\",\"url\":\"https:\/\/www.angelika-kemeter.at\/startseite\/low-level-laser-therapie\/\",\"name\":\"Low Level Laser Therapie - Angelika Kemeter Heilmassage und Therapie\",\"isPartOf\":{\"@id\":\"https:\/\/www.angelika-kemeter.at\/startseite\/#website\"},\"datePublished\":\"2020-01-10T20:18:38+00:00\",\"dateModified\":\"2026-03-18T14:37:11+00:00\",\"breadcrumb\":{\"@id\":\"https:\/\/www.angelika-kemeter.at\/startseite\/low-level-laser-therapie\/#breadcrumb\"},\"inLanguage\":\"en-US\",\"potentialAction\":[{\"@type\":\"ReadAction\",\"target\":[\"https:\/\/www.angelika-kemeter.at\/startseite\/low-level-laser-therapie\/\"]}]},{\"@type\":\"BreadcrumbList\",\"@id\":\"https:\/\/www.angelika-kemeter.at\/startseite\/low-level-laser-therapie\/#breadcrumb\",\"itemListElement\":[{\"@type\":\"ListItem\",\"position\":1,\"name\":\"Home\",\"item\":\"https:\/\/www.angelika-kemeter.at\/startseite\/\"},{\"@type\":\"ListItem\",\"position\":2,\"name\":\"Low Level Laser Therapie\"}]},{\"@type\":\"WebSite\",\"@id\":\"https:\/\/www.angelika-kemeter.at\/startseite\/#website\",\"url\":\"https:\/\/www.angelika-kemeter.at\/startseite\/\",\"name\":\"Angelika Kemeter Heilmassage und Therapie\",\"description\":\"Heilmassage  Gewerbliche Massage Cranio Sakrale Therapie\",\"potentialAction\":[{\"@type\":\"SearchAction\",\"target\":{\"@type\":\"EntryPoint\",\"urlTemplate\":\"https:\/\/www.angelika-kemeter.at\/startseite\/?s={search_term_string}\"},\"query-input\":{\"@type\":\"PropertyValueSpecification\",\"valueRequired\":true,\"valueName\":\"search_term_string\"}}],\"inLanguage\":\"en-US\"}]}<\/script>\n<!-- \/ Yoast SEO plugin. -->","yoast_head_json":{"title":"Low Level Laser Therapie - Angelika Kemeter Heilmassage und Therapie","robots":{"index":"index","follow":"follow","max-snippet":"max-snippet:-1","max-image-preview":"max-image-preview:large","max-video-preview":"max-video-preview:-1"},"canonical":"https:\/\/www.angelika-kemeter.at\/startseite\/low-level-laser-therapie\/","og_locale":"en_US","og_type":"article","og_title":"Low Level Laser Therapie - Angelika Kemeter Heilmassage und Therapie","og_description":"Der Helbo Minilaser ist ein innovatives, nicht-invasives Therapieger\u00e4t, das durch niedrigenergetisches Laserlicht die Selbstheilungskr\u00e4fte des K\u00f6rpers aktiviert. Besonders wirksam bei:\u00a0 Schmerzlinderung: Verspannungen, Gelenksschmerzen oder Entz\u00fcndungen Beschleunigung der Wundheilung und Gewebsregeneration Unterst\u00fctzung der Lymphdrainage und Entgiftung Reduktion von Schwellungen und \u00d6demen Laserakupressur: Raucherentw\u00f6hnung \u00a0Vorteile in meiner Praxis sind: Schmerzfrei &amp; schonend - ideal f\u00fcr empfindliche Patienten [&hellip;]","og_url":"https:\/\/www.angelika-kemeter.at\/startseite\/low-level-laser-therapie\/","og_site_name":"Angelika Kemeter Heilmassage und Therapie","article_publisher":"https:\/\/www.facebook.com\/AngelikaKemeter\/","article_modified_time":"2026-03-18T14:37:11+00:00","twitter_card":"summary_large_image","twitter_misc":{"Est. reading time":"2 minutes"},"schema":{"@context":"https:\/\/schema.org","@graph":[{"@type":"WebPage","@id":"https:\/\/www.angelika-kemeter.at\/startseite\/low-level-laser-therapie\/","url":"https:\/\/www.angelika-kemeter.at\/startseite\/low-level-laser-therapie\/","name":"Low Level Laser Therapie - Angelika Kemeter Heilmassage und Therapie","isPartOf":{"@id":"https:\/\/www.angelika-kemeter.at\/startseite\/#website"},"datePublished":"2020-01-10T20:18:38+00:00","dateModified":"2026-03-18T14:37:11+00:00","breadcrumb":{"@id":"https:\/\/www.angelika-kemeter.at\/startseite\/low-level-laser-therapie\/#breadcrumb"},"inLanguage":"en-US","potentialAction":[{"@type":"ReadAction","target":["https:\/\/www.angelika-kemeter.at\/startseite\/low-level-laser-therapie\/"]}]},{"@type":"BreadcrumbList","@id":"https:\/\/www.angelika-kemeter.at\/startseite\/low-level-laser-therapie\/#breadcrumb","itemListElement":[{"@type":"ListItem","position":1,"name":"Home","item":"https:\/\/www.angelika-kemeter.at\/startseite\/"},{"@type":"ListItem","position":2,"name":"Low Level Laser Therapie"}]},{"@type":"WebSite","@id":"https:\/\/www.angelika-kemeter.at\/startseite\/#website","url":"https:\/\/www.angelika-kemeter.at\/startseite\/","name":"Angelika Kemeter Heilmassage und Therapie","description":"Heilmassage  Gewerbliche Massage Cranio Sakrale Therapie","potentialAction":[{"@type":"SearchAction","target":{"@type":"EntryPoint","urlTemplate":"https:\/\/www.angelika-kemeter.at\/startseite\/?s={search_term_string}"},"query-input":{"@type":"PropertyValueSpecification","valueRequired":true,"valueName":"search_term_string"}}],"inLanguage":"en-US"}]}},"_links":{"self":[{"href":"https:\/\/www.angelika-kemeter.at\/startseite\/wp-json\/wp\/v2\/pages\/1430"}],"collection":[{"href":"https:\/\/www.angelika-kemeter.at\/startseite\/wp-json\/wp\/v2\/pages"}],"about":[{"href":"https:\/\/www.angelika-kemeter.at\/startseite\/wp-json\/wp\/v2\/types\/page"}],"author":[{"embeddable":true,"href":"https:\/\/www.angelika-kemeter.at\/startseite\/wp-json\/wp\/v2\/users\/2"}],"replies":[{"embeddable":true,"href":"https:\/\/www.angelika-kemeter.at\/startseite\/wp-json\/wp\/v2\/comments?post=1430"}],"version-history":[{"count":0,"href":"https:\/\/www.angelika-kemeter.at\/startseite\/wp-json\/wp\/v2\/pages\/1430\/revisions"}],"wp:attachment":[{"href":"https:\/\/www.angelika-kemeter.at\/startseite\/wp-json\/wp\/v2\/media?parent=1430"}],"curies":[{"name":"wp","href":"https:\/\/api.w.org\/{rel}","templated":true}]}}