{"id":1600,"date":"2020-01-15T12:05:38","date_gmt":"2020-01-15T11:05:38","guid":{"rendered":"https:\/\/www.angelika-kemeter.at\/startseite\/?page_id=1600"},"modified":"2020-01-16T12:28:23","modified_gmt":"2020-01-16T11:28:23","slug":"newsletter","status":"publish","type":"page","link":"https:\/\/www.angelika-kemeter.at\/startseite\/newsletter\/","title":{"rendered":"Newsletter"},"content":{"rendered":"<p>[et_pb_section fb_built=&#8221;1&#8243; fullwidth=&#8221;on&#8221; _builder_version=&#8221;4.1&#8243; border_width_all=&#8221;1px&#8221; border_color_all=&#8221;#9ac43b&#8221; border_style_all=&#8221;dotted&#8221;][et_pb_fullwidth_menu menu_style=&#8221;centered&#8221; fullwidth_menu=&#8221;on&#8221; dropdown_menu_bg_color=&#8221;#FFFFFF&#8221; dropdown_menu_line_color=&#8221;#ffffff&#8221; dropdown_menu_text_color=&#8221;#6b8c2c&#8221; dropdown_menu_active_link_color=&#8221;#9ac43b&#8221; mobile_menu_bg_color=&#8221;#FFFFFF&#8221; mobile_menu_text_color=&#8221;#9ac43b&#8221; logo=&#8221;https:\/\/www.angelika-kemeter.at\/startseite\/wp-content\/uploads\/2016\/02\/Logo_Final-300&#215;110.jpg&#8221; logo_max_height=&#8221;200px&#8221; _builder_version=&#8221;4.1&#8243; menu_font=&#8221;|||on|||||&#8221; menu_text_color=&#8221;#6b8c2c&#8221; menu_font_size=&#8221;16px&#8221; custom_margin=&#8221;7px||||false|false&#8221; border_color_all=&#8221;#9ac43b&#8221; border_style_all=&#8221;dotted&#8221;][\/et_pb_fullwidth_menu][\/et_pb_section][et_pb_section fb_built=&#8221;1&#8243; admin_label=&#8221;Oben&#8221; _builder_version=&#8221;4.1&#8243; background_enable_image=&#8221;off&#8221; background_size=&#8221;contain&#8221; background_position=&#8221;top_right&#8221; custom_margin=&#8221;||18px|||&#8221; custom_padding=&#8221;0%||0%|||&#8221; border_color_all=&#8221;#9ac43c&#8221;][et_pb_row _builder_version=&#8221;4.1&#8243; width=&#8221;100%&#8221; module_alignment=&#8221;center&#8221; custom_margin=&#8221;|502px|-20px|736px||&#8221; custom_padding=&#8221;18px|||||&#8221;][et_pb_column type=&#8221;4_4&#8243; _builder_version=&#8221;3.25&#8243; custom_padding=&#8221;1px|||&#8221; custom_padding__hover=&#8221;|||&#8221;][et_pb_cta title=&#8221;Newsletter&#8221; button_url=&#8221;#&#8221; _builder_version=&#8221;4.1&#8243; header_font=&#8221;Lato|900||on|||||&#8221; header_text_color=&#8221;#9ac43c&#8221; header_font_size=&#8221;30px&#8221; header_letter_spacing=&#8221;2px&#8221; header_line_height=&#8221;1.4em&#8221; body_font=&#8221;Lato||||||||&#8221; body_text_color=&#8221;#424242&#8243; body_font_size=&#8221;18px&#8221; body_line_height=&#8221;1.4em&#8221; use_background_color=&#8221;off&#8221; custom_button=&#8221;on&#8221; button_text_size=&#8221;16px&#8221; button_text_color=&#8221;#ffffff&#8221; button_bg_color=&#8221;#18a529&#8243; button_border_width=&#8221;6px&#8221; button_border_color=&#8221;#18a529&#8243; button_border_radius=&#8221;5px&#8221; button_letter_spacing=&#8221;2px&#8221; button_font=&#8221;Lato|900||on|||||&#8221; text_orientation=&#8221;left&#8221; module_alignment=&#8221;center&#8221; custom_margin=&#8221;||||false|false&#8221; custom_padding=&#8221;|10px||10px|false|false&#8221; animation_style=&#8221;fold&#8221; animation_intensity_fold=&#8221;16%&#8221; header_font_size_tablet=&#8221;30px&#8221; header_font_size_phone=&#8221;30px&#8221; header_font_size_last_edited=&#8221;on|tablet&#8221; box_shadow_style_button=&#8221;preset3&#8243; box_shadow_blur_button=&#8221;30px&#8221; box_shadow_spread_button=&#8221;8px&#8221; box_shadow_color_button=&#8221;rgba(250,127,40,0.15)&#8221; button_letter_spacing_hover=&#8221;2px&#8221; button_text_size__hover_enabled=&#8221;off&#8221; button_one_text_size__hover_enabled=&#8221;off&#8221; button_two_text_size__hover_enabled=&#8221;off&#8221; button_text_color__hover_enabled=&#8221;off&#8221; button_one_text_color__hover_enabled=&#8221;off&#8221; button_two_text_color__hover_enabled=&#8221;off&#8221; button_border_width__hover_enabled=&#8221;off&#8221; button_one_border_width__hover_enabled=&#8221;off&#8221; button_two_border_width__hover_enabled=&#8221;off&#8221; button_border_color__hover_enabled=&#8221;off&#8221; button_one_border_color__hover_enabled=&#8221;off&#8221; button_two_border_color__hover_enabled=&#8221;off&#8221; button_border_radius__hover_enabled=&#8221;off&#8221; button_one_border_radius__hover_enabled=&#8221;off&#8221; button_two_border_radius__hover_enabled=&#8221;off&#8221; button_letter_spacing__hover_enabled=&#8221;on&#8221; button_letter_spacing__hover=&#8221;2px&#8221; button_one_letter_spacing__hover_enabled=&#8221;off&#8221; button_two_letter_spacing__hover_enabled=&#8221;off&#8221; button_bg_color__hover_enabled=&#8221;off&#8221; button_one_bg_color__hover_enabled=&#8221;off&#8221; button_two_bg_color__hover_enabled=&#8221;off&#8221;][\/et_pb_cta][\/et_pb_column][\/et_pb_row][\/et_pb_section][et_pb_section fb_built=&#8221;1&#8243; admin_label=&#8221;Oben&#8221; _builder_version=&#8221;4.1&#8243; background_color=&#8221;#f9f9f9&#8243; background_image=&#8221;https:\/\/www.angelika-kemeter.at\/startseite\/wp-content\/uploads\/2020\/01\/Spiralen_lang.jpg&#8221; background_size=&#8221;initial&#8221; custom_margin=&#8221;|||&#8221; custom_padding=&#8221;0%||0%|||&#8221; border_color_all=&#8221;#9ac43c&#8221;][et_pb_row _builder_version=&#8221;4.1&#8243; width=&#8221;100%&#8221; module_alignment=&#8221;center&#8221; custom_margin=&#8221;13px|auto||auto|false|false&#8221; custom_padding=&#8221;||37px||false|false&#8221;][et_pb_column type=&#8221;4_4&#8243; _builder_version=&#8221;4.1&#8243; custom_padding=&#8221;||||false|false&#8221; custom_padding__hover=&#8221;|||&#8221;][et_pb_signup mailchimp_list=&#8221;a82802d892&#8243; title=&#8221;Immer am Laufenden bleiben&#8221; button_text=&#8221;Anmelden&#8221; description=&#8221;<\/p>\n<p style=%22text-align: left;%22>Hier kannst du dich f\u00fcr meinen Newsletter anmelden und alle News kommen ab sofort direkt in dein Postfach.<br \/> Nat\u00fcrlich kannst du dich auch jederzeit wieder abmelden.<\/p>\n<p>&#8221; _builder_version=&#8221;4.1&#8243; header_font=&#8221;Lato|700||on|||||&#8221; header_text_color=&#8221;#ffffff&#8221; header_font_size=&#8221;22px&#8221; body_font=&#8221;Lato||||||||&#8221; body_font_size=&#8221;18px&#8221; body_line_height=&#8221;1.4em&#8221; custom_margin=&#8221;26px|||||&#8221; hover_enabled=&#8221;0&#8243; border_radii=&#8221;on|6px|6px|6px|6px&#8221; success_message=&#8221;Vielen Dank f\u00fcr Ihre Anmeldung. Bitte best\u00e4tigen Sie diese noch \u00fcber das Mail in Ihrem Postfach!&#8221; use_spam_service=&#8221;on&#8221; recaptcha_list=&#8221;add_new_account&#8221; result_message_font=&#8221;Lato||||||||&#8221; result_message_font_size=&#8221;18px&#8221; result_message_text_color=&#8221;#ffffff&#8221;][\/et_pb_signup][\/et_pb_column][\/et_pb_row][\/et_pb_section][et_pb_section fb_built=&#8221;1&#8243; fullwidth=&#8221;on&#8221; _builder_version=&#8221;4.1&#8243; width=&#8221;100%&#8221; max_width=&#8221;100%&#8221; module_alignment=&#8221;center&#8221; custom_margin=&#8221;11px||||false|false&#8221; custom_padding=&#8221;10px|10px|10px|10px|false|false&#8221; border_color_all=&#8221;#9ac43b&#8221; border_width_top=&#8221;3px&#8221; border_width_right=&#8221;0px&#8221; border_width_bottom=&#8221;11px&#8221; border_width_left=&#8221;0px&#8221;][et_pb_fullwidth_menu menu_id=&#8221;10&#8243; submenu_direction=&#8221;upwards&#8221; fullwidth_menu=&#8221;on&#8221; dropdown_menu_bg_color=&#8221;#FFFFFF&#8221; dropdown_menu_line_color=&#8221;#ffffff&#8221; dropdown_menu_text_color=&#8221;#6b8c2c&#8221; dropdown_menu_active_link_color=&#8221;#9ac43b&#8221; mobile_menu_bg_color=&#8221;#FFFFFF&#8221; mobile_menu_text_color=&#8221;#9ac43b&#8221; logo=&#8221;https:\/\/www.angelika-kemeter.at\/startseite\/wp-content\/uploads\/2016\/02\/Logo_Final-300&#215;110.jpg&#8221; _builder_version=&#8221;4.1&#8243; menu_font=&#8221;|||on|||||&#8221; menu_text_color=&#8221;#6b8c2c&#8221; menu_font_size=&#8221;16px&#8221; text_orientation=&#8221;right&#8221; border_color_all=&#8221;#9ac43b&#8221; border_style_all=&#8221;dotted&#8221;][\/et_pb_fullwidth_menu][\/et_pb_section]<\/p>\n","protected":false},"excerpt":{"rendered":"","protected":false},"author":2,"featured_media":0,"parent":0,"menu_order":0,"comment_status":"closed","ping_status":"closed","template":"page-template-blank.php","meta":{"_et_pb_use_builder":"on","_et_pb_old_content":"","_et_gb_content_width":"","footnotes":"","_links_to":"","_links_to_target":""},"yoast_head":"<!-- This site is optimized with the Yoast SEO plugin v24.5 - https:\/\/yoast.com\/wordpress\/plugins\/seo\/ -->\n<title>Newsletter - Angelika Kemeter Heilmassage und Therapie<\/title>\n<meta name=\"robots\" content=\"index, follow, max-snippet:-1, max-image-preview:large, max-video-preview:-1\" \/>\n<link rel=\"canonical\" href=\"https:\/\/www.angelika-kemeter.at\/startseite\/newsletter\/\" \/>\n<meta property=\"og:locale\" content=\"en_US\" \/>\n<meta property=\"og:type\" content=\"article\" \/>\n<meta property=\"og:title\" content=\"Newsletter - Angelika Kemeter Heilmassage und Therapie\" \/>\n<meta property=\"og:url\" content=\"https:\/\/www.angelika-kemeter.at\/startseite\/newsletter\/\" \/>\n<meta property=\"og:site_name\" content=\"Angelika Kemeter Heilmassage und Therapie\" \/>\n<meta property=\"article:publisher\" content=\"https:\/\/www.facebook.com\/AngelikaKemeter\/\" \/>\n<meta property=\"article:modified_time\" content=\"2020-01-16T11:28:23+00:00\" \/>\n<meta name=\"twitter:card\" content=\"summary_large_image\" \/>\n<meta name=\"twitter:label1\" content=\"Est. reading time\" \/>\n\t<meta name=\"twitter:data1\" content=\"4 minutes\" \/>\n<script type=\"application\/ld+json\" class=\"yoast-schema-graph\">{\"@context\":\"https:\/\/schema.org\",\"@graph\":[{\"@type\":\"WebPage\",\"@id\":\"https:\/\/www.angelika-kemeter.at\/startseite\/newsletter\/\",\"url\":\"https:\/\/www.angelika-kemeter.at\/startseite\/newsletter\/\",\"name\":\"Newsletter - Angelika Kemeter Heilmassage und Therapie\",\"isPartOf\":{\"@id\":\"https:\/\/www.angelika-kemeter.at\/startseite\/#website\"},\"datePublished\":\"2020-01-15T11:05:38+00:00\",\"dateModified\":\"2020-01-16T11:28:23+00:00\",\"breadcrumb\":{\"@id\":\"https:\/\/www.angelika-kemeter.at\/startseite\/newsletter\/#breadcrumb\"},\"inLanguage\":\"en-US\",\"potentialAction\":[{\"@type\":\"ReadAction\",\"target\":[\"https:\/\/www.angelika-kemeter.at\/startseite\/newsletter\/\"]}]},{\"@type\":\"BreadcrumbList\",\"@id\":\"https:\/\/www.angelika-kemeter.at\/startseite\/newsletter\/#breadcrumb\",\"itemListElement\":[{\"@type\":\"ListItem\",\"position\":1,\"name\":\"Home\",\"item\":\"https:\/\/www.angelika-kemeter.at\/startseite\/\"},{\"@type\":\"ListItem\",\"position\":2,\"name\":\"Newsletter\"}]},{\"@type\":\"WebSite\",\"@id\":\"https:\/\/www.angelika-kemeter.at\/startseite\/#website\",\"url\":\"https:\/\/www.angelika-kemeter.at\/startseite\/\",\"name\":\"Angelika Kemeter Heilmassage und Therapie\",\"description\":\"Heilmassage  Gewerbliche Massage Cranio Sakrale Therapie\",\"potentialAction\":[{\"@type\":\"SearchAction\",\"target\":{\"@type\":\"EntryPoint\",\"urlTemplate\":\"https:\/\/www.angelika-kemeter.at\/startseite\/?s={search_term_string}\"},\"query-input\":{\"@type\":\"PropertyValueSpecification\",\"valueRequired\":true,\"valueName\":\"search_term_string\"}}],\"inLanguage\":\"en-US\"}]}<\/script>\n<!-- \/ Yoast SEO plugin. -->","yoast_head_json":{"title":"Newsletter - Angelika Kemeter Heilmassage und Therapie","robots":{"index":"index","follow":"follow","max-snippet":"max-snippet:-1","max-image-preview":"max-image-preview:large","max-video-preview":"max-video-preview:-1"},"canonical":"https:\/\/www.angelika-kemeter.at\/startseite\/newsletter\/","og_locale":"en_US","og_type":"article","og_title":"Newsletter - Angelika Kemeter Heilmassage und Therapie","og_url":"https:\/\/www.angelika-kemeter.at\/startseite\/newsletter\/","og_site_name":"Angelika Kemeter Heilmassage und Therapie","article_publisher":"https:\/\/www.facebook.com\/AngelikaKemeter\/","article_modified_time":"2020-01-16T11:28:23+00:00","twitter_card":"summary_large_image","twitter_misc":{"Est. reading time":"4 minutes"},"schema":{"@context":"https:\/\/schema.org","@graph":[{"@type":"WebPage","@id":"https:\/\/www.angelika-kemeter.at\/startseite\/newsletter\/","url":"https:\/\/www.angelika-kemeter.at\/startseite\/newsletter\/","name":"Newsletter - Angelika Kemeter Heilmassage und Therapie","isPartOf":{"@id":"https:\/\/www.angelika-kemeter.at\/startseite\/#website"},"datePublished":"2020-01-15T11:05:38+00:00","dateModified":"2020-01-16T11:28:23+00:00","breadcrumb":{"@id":"https:\/\/www.angelika-kemeter.at\/startseite\/newsletter\/#breadcrumb"},"inLanguage":"en-US","potentialAction":[{"@type":"ReadAction","target":["https:\/\/www.angelika-kemeter.at\/startseite\/newsletter\/"]}]},{"@type":"BreadcrumbList","@id":"https:\/\/www.angelika-kemeter.at\/startseite\/newsletter\/#breadcrumb","itemListElement":[{"@type":"ListItem","position":1,"name":"Home","item":"https:\/\/www.angelika-kemeter.at\/startseite\/"},{"@type":"ListItem","position":2,"name":"Newsletter"}]},{"@type":"WebSite","@id":"https:\/\/www.angelika-kemeter.at\/startseite\/#website","url":"https:\/\/www.angelika-kemeter.at\/startseite\/","name":"Angelika Kemeter Heilmassage und Therapie","description":"Heilmassage  Gewerbliche Massage Cranio Sakrale Therapie","potentialAction":[{"@type":"SearchAction","target":{"@type":"EntryPoint","urlTemplate":"https:\/\/www.angelika-kemeter.at\/startseite\/?s={search_term_string}"},"query-input":{"@type":"PropertyValueSpecification","valueRequired":true,"valueName":"search_term_string"}}],"inLanguage":"en-US"}]}},"_links":{"self":[{"href":"https:\/\/www.angelika-kemeter.at\/startseite\/wp-json\/wp\/v2\/pages\/1600"}],"collection":[{"href":"https:\/\/www.angelika-kemeter.at\/startseite\/wp-json\/wp\/v2\/pages"}],"about":[{"href":"https:\/\/www.angelika-kemeter.at\/startseite\/wp-json\/wp\/v2\/types\/page"}],"author":[{"embeddable":true,"href":"https:\/\/www.angelika-kemeter.at\/startseite\/wp-json\/wp\/v2\/users\/2"}],"replies":[{"embeddable":true,"href":"https:\/\/www.angelika-kemeter.at\/startseite\/wp-json\/wp\/v2\/comments?post=1600"}],"version-history":[{"count":0,"href":"https:\/\/www.angelika-kemeter.at\/startseite\/wp-json\/wp\/v2\/pages\/1600\/revisions"}],"wp:attachment":[{"href":"https:\/\/www.angelika-kemeter.at\/startseite\/wp-json\/wp\/v2\/media?parent=1600"}],"curies":[{"name":"wp","href":"https:\/\/api.w.org\/{rel}","templated":true}]}}